{"id":18974,"date":"2022-05-20T05:20:01","date_gmt":"2022-05-19T20:20:01","guid":{"rendered":"https:\/\/www.jedat.co.jp\/?page_id=18974"},"modified":"2022-05-20T05:24:00","modified_gmt":"2022-05-19T20:24:00","slug":"fineffp-1-freeform-2","status":"publish","type":"page","link":"https:\/\/www.jedat.co.jp\/zh\/fineffp-1-freeform-2\/","title":{"rendered":"FineFFP\uff1a\u5f02\u5f62\u9762\u7248\u3000GIP\u81ea\u52a8\u653e\u7f6e\u8fde\u7ebf\u529f\u80fd"},"content":{"rendered":"\n<h2 class=\"is-style-vk-heading-plain has-text-color has-medium-font-size wp-block-heading\" id=\"fineffp-\u81ea\u7531\u5f62\u72b6\u30d1\u30cd\u30eb\u306egip\u81ea\u52d5\u914d\u7f6e\u914d\u7dda\" style=\"color:#045193\"><strong>FineFFP\uff1a\u5f02\u5f62\u9762\u7248\u3000GIP\u81ea\u52a8\u653e\u7f6e\u8fde\u7ebf\u529f\u80fd<\/strong><\/h2>\n\n\n\n<div class=\"wpcf7 no-js\" id=\"wpcf7-f18908-o1\" lang=\"ja\" dir=\"ltr\" data-wpcf7-id=\"18908\">\n<div class=\"screen-reader-response\"><p role=\"status\" aria-live=\"polite\" aria-atomic=\"true\"><\/p> <ul><\/ul><\/div>\n<form action=\"\/zh\/wp-json\/wp\/v2\/pages\/18974#wpcf7-f18908-o1\" method=\"post\" class=\"wpcf7-form init\" aria-label=\"\u30b3\u30f3\u30bf\u30af\u30c8\u30d5\u30a9\u30fc\u30e0\" novalidate=\"novalidate\" data-status=\"init\">\n<fieldset class=\"hidden-fields-container\"><input type=\"hidden\" name=\"_wpcf7\" value=\"18908\" \/><input type=\"hidden\" name=\"_wpcf7_version\" value=\"6.1.5\" \/><input type=\"hidden\" name=\"_wpcf7_locale\" value=\"ja\" \/><input type=\"hidden\" name=\"_wpcf7_unit_tag\" value=\"wpcf7-f18908-o1\" \/><input type=\"hidden\" name=\"_wpcf7_container_post\" value=\"0\" \/><input type=\"hidden\" name=\"_wpcf7_posted_data_hash\" value=\"\" \/><input type=\"hidden\" name=\"_wpcf7cf_hidden_group_fields\" value=\"[]\" \/><input type=\"hidden\" name=\"_wpcf7cf_hidden_groups\" value=\"[]\" \/><input type=\"hidden\" name=\"_wpcf7cf_visible_groups\" value=\"[]\" \/><input type=\"hidden\" name=\"_wpcf7cf_repeaters\" value=\"[]\" \/><input type=\"hidden\" name=\"_wpcf7cf_steps\" value=\"{}\" \/><input type=\"hidden\" name=\"_wpcf7cf_options\" value=\"{&quot;form_id&quot;:18908,&quot;conditions&quot;:[],&quot;settings&quot;:{&quot;animation&quot;:&quot;yes&quot;,&quot;animation_intime&quot;:200,&quot;animation_outtime&quot;:200,&quot;conditions_ui&quot;:&quot;normal&quot;,&quot;notice_dismissed&quot;:false}}\" \/><input type=\"hidden\" name=\"_wpcf7_recaptcha_response\" value=\"\" \/>\n<\/fieldset>\n<hr width=auto size=2>\n<p>\u8f93\u5165\u60a8\u7684\u7535\u5b50\u90ae\u4ef6\u5730\u5740\u548c\u59d3\u540d\uff0c\u7136\u540e\u5355\u51fb\u201c\u64ad\u653e\u89c6\u9891\u201d\u3002<\/p>\n<table class=\"CF7_table\">\n\t<tr>\n\t\t<th> Title<\/th>\n\t\t<td>FineFFP\uff1a\u5f02\u5f62\u9762\u7248\u3000GIP\u81ea\u52a8\u653e\u7f6e\u8fde\u7ebf\u529f\u80fd<\/td>\n\t<\/tr>\n\t<tr>\n\t\t<th>\u4f60\u7684\u540d\u5b57<\/th>\n\t\t<td><span class=\"wpcf7-form-control-wrap\" data-name=\"your-name\"><input size=\"40\" maxlength=\"400\" class=\"wpcf7-form-control wpcf7-text wpcf7-validates-as-required\" aria-required=\"true\" aria-invalid=\"false\" placeholder=\"\u793a\u4f8b:Suzuki Ichiro\" value=\"\" type=\"text\" name=\"your-name\" \/><\/span> <\/td>\n\t<\/tr\n\t<tr>\n\t\t<th>\u4f60\u7684\u90ae\u4ef6\u5730\u5740<\/th>\n\t\t<td><span class=\"wpcf7-form-control-wrap\" data-name=\"your-email\"><input size=\"40\" maxlength=\"400\" class=\"wpcf7-form-control wpcf7-email wpcf7-validates-as-required wpcf7-text wpcf7-validates-as-email\" aria-required=\"true\" aria-invalid=\"false\" placeholder=\"\u793a\u4f8b\uff1a\u00d7\u00d7\u00d7&#64;\u00d7\u00d7\u00d7&#x2e;c&#111;&#x6d;\" value=\"\" type=\"email\" name=\"your-email\" \/><\/span><\/td>\n\t<\/tr>\n<\/table>\n<hr width=auto size=2>\n<p class=\"CF7_btn\"><input type =\"submit\" value= \"\u64ad\u653e\u89c6\u9891\">\u3000<input type=\"reset\" value=\"cancel\"><\/p>\n<script>\ndocument.addEventListener( 'wpcf7mailsent', function( event ) {\n    location = 'https:\/\/www.jedat.co.jp\/\/zh\/movie_fineffp-2\/';\n}, false );\n<\/script><div class=\"wpcf7-response-output\" aria-hidden=\"true\"><\/div>\n<\/form>\n<\/div>\n\n\n\n\n<p><\/p>\n","protected":false},"excerpt":{"rendered":"<p>FineFFP\uff1a\u5f02\u5f62\u9762\u7248\u3000GIP\u81ea\u52a8\u653e\u7f6e\u8fde\u7ebf\u529f\u80fd<\/p>\n","protected":false},"author":1,"featured_media":0,"parent":0,"menu_order":0,"comment_status":"closed","ping_status":"closed","template":"","meta":{"_uag_custom_page_level_css":"","_locale":"zh_CN","_original_post":"https:\/\/www.jedat.co.jp\/?page_id=18687","vkexunit_cta_each_option":"disable","footnotes":""},"class_list":["post-18974","page","type-page","status-publish","hentry","zh-CN"],"uagb_featured_image_src":{"full":false,"thumbnail":false,"medium":false,"medium_large":false,"large":false,"1536x1536":false,"2048x2048":false,"post-thumbnail":false},"uagb_author_info":{"display_name":"Jett","author_link":"https:\/\/www.jedat.co.jp\/author\/jedattraining\/"},"uagb_comment_info":0,"uagb_excerpt":"FineFFP\uff1a\u5f02\u5f62\u9762\u7248\u3000GIP\u81ea\u52a8\u653e\u7f6e\u8fde\u7ebf\u529f\u80fd","_links":{"self":[{"href":"https:\/\/www.jedat.co.jp\/wp-json\/wp\/v2\/pages\/18974","targetHints":{"allow":["GET"]}}],"collection":[{"href":"https:\/\/www.jedat.co.jp\/wp-json\/wp\/v2\/pages"}],"about":[{"href":"https:\/\/www.jedat.co.jp\/wp-json\/wp\/v2\/types\/page"}],"author":[{"embeddable":true,"href":"https:\/\/www.jedat.co.jp\/wp-json\/wp\/v2\/users\/1"}],"replies":[{"embeddable":true,"href":"https:\/\/www.jedat.co.jp\/wp-json\/wp\/v2\/comments?post=18974"}],"version-history":[{"count":0,"href":"https:\/\/www.jedat.co.jp\/wp-json\/wp\/v2\/pages\/18974\/revisions"}],"wp:attachment":[{"href":"https:\/\/www.jedat.co.jp\/wp-json\/wp\/v2\/media?parent=18974"}],"curies":[{"name":"wp","href":"https:\/\/api.w.org\/{rel}","templated":true}]}}