{"id":18967,"date":"2022-05-20T04:31:48","date_gmt":"2022-05-19T19:31:48","guid":{"rendered":"https:\/\/www.jedat.co.jp\/?page_id=18967"},"modified":"2022-05-23T02:45:43","modified_gmt":"2022-05-22T17:45:43","slug":"hotscope_regcalc","status":"publish","type":"page","link":"https:\/\/www.jedat.co.jp\/zh\/hotscope_regcalc\/","title":{"rendered":"HOTSCOPE\uff1a\u7535\u963b\u8ba1\u7b97"},"content":{"rendered":"\n<h2 class=\"is-style-vk-heading-plain has-text-color has-medium-font-size wp-block-heading\" id=\"gt-router-\u30d7\u30ec\u30bc\u30f3\u30c6\u30fc\u30b7\u30e7\u30f3\u30d3\u30c7\u30aa\" style=\"color:#045193\"><strong><strong><strong><strong>HOTSCOPE\uff1a\u7535\u963b\u8ba1\u7b97<\/strong><\/strong><\/strong><\/strong><\/h2>\n\n\n\n<div class=\"wpcf7 no-js\" id=\"wpcf7-f18930-o1\" lang=\"ja\" dir=\"ltr\" data-wpcf7-id=\"18930\">\n<div class=\"screen-reader-response\"><p role=\"status\" aria-live=\"polite\" aria-atomic=\"true\"><\/p> <ul><\/ul><\/div>\n<form action=\"\/zh\/wp-json\/wp\/v2\/pages\/18967#wpcf7-f18930-o1\" method=\"post\" class=\"wpcf7-form init\" aria-label=\"\u30b3\u30f3\u30bf\u30af\u30c8\u30d5\u30a9\u30fc\u30e0\" novalidate=\"novalidate\" data-status=\"init\">\n<fieldset class=\"hidden-fields-container\"><input type=\"hidden\" name=\"_wpcf7\" value=\"18930\" \/><input type=\"hidden\" name=\"_wpcf7_version\" value=\"6.1.5\" \/><input type=\"hidden\" name=\"_wpcf7_locale\" value=\"ja\" \/><input type=\"hidden\" name=\"_wpcf7_unit_tag\" value=\"wpcf7-f18930-o1\" \/><input type=\"hidden\" name=\"_wpcf7_container_post\" value=\"0\" \/><input type=\"hidden\" name=\"_wpcf7_posted_data_hash\" value=\"\" \/><input type=\"hidden\" name=\"_wpcf7cf_hidden_group_fields\" value=\"[]\" \/><input type=\"hidden\" name=\"_wpcf7cf_hidden_groups\" value=\"[]\" \/><input type=\"hidden\" name=\"_wpcf7cf_visible_groups\" value=\"[]\" \/><input type=\"hidden\" name=\"_wpcf7cf_repeaters\" value=\"[]\" \/><input type=\"hidden\" name=\"_wpcf7cf_steps\" value=\"{}\" \/><input type=\"hidden\" name=\"_wpcf7cf_options\" value=\"{&quot;form_id&quot;:18930,&quot;conditions&quot;:[],&quot;settings&quot;:{&quot;animation&quot;:&quot;yes&quot;,&quot;animation_intime&quot;:200,&quot;animation_outtime&quot;:200,&quot;conditions_ui&quot;:&quot;normal&quot;,&quot;notice_dismissed&quot;:false}}\" \/><input type=\"hidden\" name=\"_wpcf7_recaptcha_response\" value=\"\" \/>\n<\/fieldset>\n<hr width=auto size=2>\n<p>\u8f93\u5165\u60a8\u7684\u7535\u5b50\u90ae\u4ef6\u5730\u5740\u548c\u59d3\u540d\uff0c\u7136\u540e\u5355\u51fb\u201c\u64ad\u653e\u89c6\u9891\u201d\u3002<\/p>\n<table class=\"CF7_table\">\n\t<tr>\n\t\t<th> Title<\/th>\n\t\t<td>HOTSCOPE\uff1a\u7535\u963b\u8ba1\u7b97<\/td>\n\t<tr>\n\t\t<th>\u4f60\u7684\u540d\u5b57<\/th>\n\t\t<td><span class=\"wpcf7-form-control-wrap\" data-name=\"your-name\"><input size=\"40\" maxlength=\"400\" class=\"wpcf7-form-control wpcf7-text wpcf7-validates-as-required\" aria-required=\"true\" aria-invalid=\"false\" placeholder=\"\u793a\u4f8b:Suzuki Ichiro\" value=\"\" type=\"text\" name=\"your-name\" \/><\/span> <\/td>\n\t<\/tr\n\t<tr>\n\t\t<th>\u4f60\u7684\u90ae\u4ef6\u5730\u5740<\/th>\n\t\t<td><span class=\"wpcf7-form-control-wrap\" data-name=\"your-email\"><input size=\"40\" maxlength=\"400\" class=\"wpcf7-form-control wpcf7-email wpcf7-validates-as-required wpcf7-text wpcf7-validates-as-email\" aria-required=\"true\" aria-invalid=\"false\" placeholder=\"\u793a\u4f8b\uff1a\u00d7\u00d7\u00d7&#64;\u00d7\u00d7\u00d7&#46;&#x63;&#x6f;&#x6d;\" value=\"\" type=\"email\" name=\"your-email\" \/><\/span><\/td>\n\t<\/tr>\n<\/table>\n<hr width=auto size=2>\n<p class=\"CF7_btn\"><input type =\"submit\" value= \"\u64ad\u653e\u89c6\u9891\">\u3000<input type=\"reset\" value=\"Reset\"><\/p>\n<script>\ndocument.addEventListener( 'wpcf7mailsent', function( event ) {\n    location = 'https:\/\/www.jedat.co.jp\/zh\/movie_hotscope-3\/';\n}, false );\n<\/script><div class=\"wpcf7-response-output\" aria-hidden=\"true\"><\/div>\n<\/form>\n<\/div>\n\n\n\n\n<p><\/p>\n","protected":false},"excerpt":{"rendered":"<p>HOTSCOPE\uff1a\u7535\u963b\u8ba1\u7b97<\/p>\n","protected":false},"author":1,"featured_media":0,"parent":0,"menu_order":0,"comment_status":"closed","ping_status":"closed","template":"","meta":{"_uag_custom_page_level_css":"","_locale":"zh_CN","_original_post":"https:\/\/www.jedat.co.jp\/?page_id=18740","_vk_print_noindex":"","vkExUnit_EyeCatch_disable":"","_veu_custom_css":"\/*\u30d5\u30a9\u30fc\u30e0 *\/\r\n.headerTop {\r\n    border-bottom: none;\r\n    display:none;\r\n}\r\n\/* \u30da\u30fc\u30b8\u30bf\u30a4\u30c8\u30eb\u3092\u975e\u8868\u793a*\/\r\n.page-header h1.page-header_pageTitle, .page-header div.page-header_pageTitle {\r\n    display:none;\r\n}\r\n\/*\u30d8\u30c3\u30c0\u753b\u50cf\u3092\u975e\u8868\u793a*\/\r\n.page-header {\r\n    display: none;\r\n}\r\n\/*\u30d5\u30a9\u30fc\u30e0\u30da\u30fc\u30b8\u3067\u306f\u4e0a\u90e8\u30e1\u30cb\u30e5\u30fc\u3092\u8868\u793a\u3057\u306a\u3044*\/\r\n#mega-menu-wrap-header-top,#mega-menu-header-top {\r\n    display: none;\r\n}\r\n#mega-menu-wrap-Header {\r\n    display: none;\r\n}\r\n\/*\u30d8\u30c3\u30c0\u975e\u8868\u793a*\/\r\n.entry-header {\r\n    display : none;\r\n}\r\n.siteHeader {\r\n    min-height: 0px;\r\n    margin-bottom:0px;\r\n}\r\n\/*\u30b5\u30a4\u30c8\u30d8\u30c3\u30c0\u975e\u8868\u793a\r\n.siteHeader .container {\r\n    display : none;\r\n}*\/\r\n\/*\u30bf\u30a4\u30c8\u30eb\u4e0a\u90e8\u306e\u30a2\u30ad\u3092\u8a70\u3081\u308b*\r\n.siteHeader {\r\n    box-shadow: none;\r\n    min-height: 0;\r\n}\r\n\/*\u30b5\u30a4\u30c8\u30de\u30c3\u30d7\u975e\u8868\u793a*\/\r\n.row {\r\n    display: none;\r\n}\r\n\r\n\/************************************\r\n** \u304a\u554f\u3044\u5408\u308f\u305b\u30d5\u30a9\u30fc\u30e0\u306e\u5165\u529b\r\n**ContactForm7\u30ab\u30b9\u30bf\u30de\u30a4\u30ba**\r\n************************************\/\r\ntable.CF7_table{\r\n\twidth:90%;\r\n\tmargin:0 auto;\r\n\tborder: 1.5px solid #045193;\r\n\tcolor:#045193;\r\n\tfont-size:16px;\r\n\tmaigin:10px auto;\r\n}\r\n\r\ntable.CF7_table tr{\r\n\tborder-top: 1px solid #e5e5e5;\r\n}\r\ntable.CF7_table th{\r\n\theight:60px;\r\n}\r\n\r\n.single .entry-content table.CF7_table,\r\n.page .entry-content table.CF7_table{\r\n\tdisplay:table;\r\n}\r\n\r\n\/*\u5165\u529b\u6b04*\/\r\n.CF7_table input, .CF7_table textarea {\r\n\tborder: 1px solid #045193;\r\n}\r\n\r\n.CF7_table ::placeholder {\r\n\tcolor:#797979;\r\n}\r\n\r\n\/* \u30bf\u30a4\u30c8\u30eb\u5217 *\/\r\n@media screen and (min-width: 768px){\r\n\t.CF7_table th{\r\n\twidth:30%;\/*\u6a2a\u5e45*\/\r\n\tbackground-color:#ebedf5;\/*\u30d6\u30eb\u30fc\u30b0\u30ec\u30fc*\/\r\n\t}\r\n}\r\n\r\n\/* \u30ec\u30b9\u30dd\u30f3\u30b7\u30d6 *\/\r\n@media screen and (max-width: 768px){\r\n\ttable.CF7_table{\r\n\twidth:95%;\r\n\t}\r\n\t.CF7_table tr, .CF7_table td, .CF7_table th{\r\n\tdisplay: block;\r\n\twidth: 100%;\r\n\tline-height:2.5em;\r\n\t}\r\n\t.CF7_table th{\r\n\tbackground-color:#ebedf5;\r\n\t}\r\n}\r\n\r\n\/* \u300c\u9001\u4fe1\u3059\u308b\u300d\u30dc\u30bf\u30f3 *\/\r\n.wpcf7 input.wpcf7-submit {\r\n\tbackground-color:#34538d;\/* darkblue*\/\r\n\tborder:0;\r\n\tcolor:#fff;\r\n\tfont-size:1.2em;\r\n\tfont-weight:bold;\r\n\tmargin:0 auto;\r\n}\r\n.CF7_btn{\r\n\ttext-align:center;\r\n\tmargin-top:20px;\r\n}\r\n\r\n.wpcf7-spinner{\r\n\twidth:0;\r\n\tmargin:0;\r\n}\r\n.textarea.form-control {\r\n    height: 80px;\r\n}\r\n\/*20220518*\/\r\n","veu_display_promotion_alert":"","_exclude_from_list_pages":"","vkexunit_cta_each_option":"disable","vkExUnit_childPageIndex":"","vkExUnit_pageList_ancestor":"","vkExUnit_contact_enable":"","vk_page_header_image":0,"vk_page_header_image_sp":0,"header_top_description":"","footnotes":""},"class_list":["post-18967","page","type-page","status-publish","hentry","zh-CN"],"uagb_featured_image_src":{"full":false,"thumbnail":false,"medium":false,"medium_large":false,"large":false,"1536x1536":false,"2048x2048":false,"post-thumbnail":false},"uagb_author_info":{"display_name":"Jett","author_link":"https:\/\/www.jedat.co.jp\/author\/jedattraining\/"},"uagb_comment_info":0,"uagb_excerpt":"HOTSCOPE\uff1a\u7535\u963b\u8ba1\u7b97","lightning_design_setting_object":{"layout":"col-one-no-subsection","hidden_page_header":"true","hidden_breadcrumb":"true","siteContent_padding":"true"},"_links":{"self":[{"href":"https:\/\/www.jedat.co.jp\/wp-json\/wp\/v2\/pages\/18967","targetHints":{"allow":["GET"]}}],"collection":[{"href":"https:\/\/www.jedat.co.jp\/wp-json\/wp\/v2\/pages"}],"about":[{"href":"https:\/\/www.jedat.co.jp\/wp-json\/wp\/v2\/types\/page"}],"author":[{"embeddable":true,"href":"https:\/\/www.jedat.co.jp\/wp-json\/wp\/v2\/users\/1"}],"replies":[{"embeddable":true,"href":"https:\/\/www.jedat.co.jp\/wp-json\/wp\/v2\/comments?post=18967"}],"version-history":[{"count":0,"href":"https:\/\/www.jedat.co.jp\/wp-json\/wp\/v2\/pages\/18967\/revisions"}],"wp:attachment":[{"href":"https:\/\/www.jedat.co.jp\/wp-json\/wp\/v2\/media?parent=18967"}],"curies":[{"name":"wp","href":"https:\/\/api.w.org\/{rel}","templated":true}]}}