{"id":18869,"date":"2022-05-19T23:25:53","date_gmt":"2022-05-19T14:25:53","guid":{"rendered":"https:\/\/www.jedat.co.jp\/?page_id=18869"},"modified":"2022-10-11T14:45:23","modified_gmt":"2022-10-11T05:45:23","slug":"hotscope_regcalc","status":"publish","type":"page","link":"https:\/\/www.jedat.co.jp\/en\/hotscope_regcalc\/","title":{"rendered":"HOTSCOPE: Resistance calculation"},"content":{"rendered":"\n<h2 class=\"is-style-vk-heading-plain has-text-color has-medium-font-size wp-block-heading\" id=\"gt-router-\u30d7\u30ec\u30bc\u30f3\u30c6\u30fc\u30b7\u30e7\u30f3\u30d3\u30c7\u30aa\" style=\"color:#045193\"><strong><strong><strong><strong>HOTSCOPE: Resistance calculation<\/strong><\/strong><\/strong><\/strong><\/h2>\n\n\n\n<div class=\"wpcf7 no-js\" id=\"wpcf7-f11579-o1\" lang=\"ja\" dir=\"ltr\" data-wpcf7-id=\"11579\">\n<div class=\"screen-reader-response\"><p role=\"status\" aria-live=\"polite\" aria-atomic=\"true\"><\/p> <ul><\/ul><\/div>\n<form action=\"\/en\/wp-json\/wp\/v2\/pages\/18869#wpcf7-f11579-o1\" method=\"post\" class=\"wpcf7-form init\" aria-label=\"\u30b3\u30f3\u30bf\u30af\u30c8\u30d5\u30a9\u30fc\u30e0\" novalidate=\"novalidate\" data-status=\"init\">\n<fieldset class=\"hidden-fields-container\"><input type=\"hidden\" name=\"_wpcf7\" value=\"11579\" \/><input type=\"hidden\" name=\"_wpcf7_version\" value=\"6.1.5\" \/><input type=\"hidden\" name=\"_wpcf7_locale\" value=\"ja\" \/><input type=\"hidden\" name=\"_wpcf7_unit_tag\" value=\"wpcf7-f11579-o1\" \/><input type=\"hidden\" name=\"_wpcf7_container_post\" value=\"0\" \/><input type=\"hidden\" name=\"_wpcf7_posted_data_hash\" value=\"\" \/><input type=\"hidden\" name=\"_wpcf7cf_hidden_group_fields\" value=\"[]\" \/><input type=\"hidden\" name=\"_wpcf7cf_hidden_groups\" value=\"[]\" \/><input type=\"hidden\" name=\"_wpcf7cf_visible_groups\" value=\"[]\" \/><input type=\"hidden\" name=\"_wpcf7cf_repeaters\" value=\"[]\" \/><input type=\"hidden\" name=\"_wpcf7cf_steps\" value=\"{}\" \/><input type=\"hidden\" name=\"_wpcf7cf_options\" value=\"{&quot;form_id&quot;:11579,&quot;conditions&quot;:[],&quot;settings&quot;:{&quot;animation&quot;:&quot;yes&quot;,&quot;animation_intime&quot;:200,&quot;animation_outtime&quot;:200,&quot;conditions_ui&quot;:&quot;normal&quot;,&quot;notice_dismissed&quot;:false}}\" \/><input type=\"hidden\" name=\"_wpcf7_recaptcha_response\" value=\"\" \/>\n<\/fieldset>\n<hr width=auto size=2>\n<p>Enter your email address and name, then click \"Play\".<\/p>\n<table class=\"CF7_table\">\n\t<tr>\n\t\t<th> Title<\/th>\n\t\t<td>HOTSCOPE: Resistance calculation<\/td>\n\t<\/tr>\n\t<tr>\n\t\t<th>Your Name<\/th>\n\t\t<td><span class=\"wpcf7-form-control-wrap\" data-name=\"your-name\"><input size=\"40\" maxlength=\"400\" class=\"wpcf7-form-control wpcf7-text wpcf7-validates-as-required\" aria-required=\"true\" aria-invalid=\"false\" placeholder=\"e.g.:Suzuki Ichiro\" value=\"\" type=\"text\" name=\"your-name\" \/><\/span> <\/td>\n\t<\/tr\n\t<tr>\n\t\t<th>your e-mail address<\/th>\n\t\t<td><span class=\"wpcf7-form-control-wrap\" data-name=\"your-email\"><input size=\"40\" maxlength=\"400\" class=\"wpcf7-form-control wpcf7-email wpcf7-validates-as-required wpcf7-text wpcf7-validates-as-email\" aria-required=\"true\" aria-invalid=\"false\" placeholder=\"e&#46;&#103;&#46;\uff1a\u00d7\u00d7\u00d7&#64;\u00d7\u00d7\u00d7&#x2e;&#x63;om\" value=\"\" type=\"email\" name=\"your-email\" \/><\/span><\/td>\n\t<\/tr>\n<\/table>\n<hr width=auto size=2>\n<p class=\"CF7_btn\"><input type =\"submit\" value= \" Play \">\u3000<input type=\"reset\" value=\"Reset\"><\/p>\n<script>\ndocument.addEventListener( 'wpcf7mailsent', function( event ) {\n    location = 'https:\/\/www.jedat.co.jp\/en\/movie_hotscope-3\/';\n}, false );\n<\/script><div class=\"wpcf7-response-output\" aria-hidden=\"true\"><\/div>\n<\/form>\n<\/div>\n\n\n\n\n<p><\/p>\n","protected":false},"excerpt":{"rendered":"<p>HOTSCOPE: Resistance calculation<\/p>\n","protected":false},"author":1,"featured_media":0,"parent":0,"menu_order":0,"comment_status":"closed","ping_status":"closed","template":"","meta":{"_uag_custom_page_level_css":"","_locale":"en_US","_original_post":"https:\/\/www.jedat.co.jp\/?page_id=18740","_vk_print_noindex":"","vkExUnit_EyeCatch_disable":"","_veu_custom_css":"\/*\u30d5\u30a9\u30fc\u30e0 *\/\r\n\/*\u30d5\u30a9\u30fc\u30e0\u30da\u30fc\u30b8\u3067\u306f\u4e0a\u90e8\u30e1\u30cb\u30e5\u30fc\u3092\u8868\u793a\u3057\u306a\u3044*\/\r\n#mega-menu-wrap-header-top,#mega-menu-header-top {\r\n    display: none;\r\n}\r\n#mega-menu-wrap-Header {display: none;}\r\n\/*\u30d8\u30c3\u30c0\u975e\u8868\u793a*\/\r\n.entry-header {display : none;}\r\n.siteHeader {\r\n    min-height: 0px;\r\n    margin-bottom:0px;\r\n}\r\n\/*\u30b5\u30a4\u30c8\u30de\u30c3\u30d7\u975e\u8868\u793a*\/\r\n.row {display: none;}\r\n","veu_display_promotion_alert":"","_exclude_from_list_pages":"","vkexunit_cta_each_option":"disable","vkExUnit_childPageIndex":"","vkExUnit_pageList_ancestor":"","vkExUnit_contact_enable":"","vk_page_header_image":0,"vk_page_header_image_sp":0,"header_top_description":"","footnotes":""},"class_list":["post-18869","page","type-page","status-publish","hentry","en-US"],"uagb_featured_image_src":{"full":false,"thumbnail":false,"medium":false,"medium_large":false,"large":false,"1536x1536":false,"2048x2048":false,"post-thumbnail":false},"uagb_author_info":{"display_name":"Jett","author_link":"https:\/\/www.jedat.co.jp\/author\/jedattraining\/"},"uagb_comment_info":0,"uagb_excerpt":"HOTSCOPE: Resistance calculation","lightning_design_setting_object":{"layout":"col-one-no-subsection","hidden_page_header":"true","hidden_breadcrumb":"true","siteContent_padding":"true"},"_links":{"self":[{"href":"https:\/\/www.jedat.co.jp\/wp-json\/wp\/v2\/pages\/18869","targetHints":{"allow":["GET"]}}],"collection":[{"href":"https:\/\/www.jedat.co.jp\/wp-json\/wp\/v2\/pages"}],"about":[{"href":"https:\/\/www.jedat.co.jp\/wp-json\/wp\/v2\/types\/page"}],"author":[{"embeddable":true,"href":"https:\/\/www.jedat.co.jp\/wp-json\/wp\/v2\/users\/1"}],"replies":[{"embeddable":true,"href":"https:\/\/www.jedat.co.jp\/wp-json\/wp\/v2\/comments?post=18869"}],"version-history":[{"count":0,"href":"https:\/\/www.jedat.co.jp\/wp-json\/wp\/v2\/pages\/18869\/revisions"}],"wp:attachment":[{"href":"https:\/\/www.jedat.co.jp\/wp-json\/wp\/v2\/media?parent=18869"}],"curies":[{"name":"wp","href":"https:\/\/api.w.org\/{rel}","templated":true}]}}